{"id":310,"date":"2024-01-30T12:12:12","date_gmt":"2024-01-30T11:12:12","guid":{"rendered":"https:\/\/nafzmedia.de\/?page_id=310"},"modified":"2024-01-30T12:21:20","modified_gmt":"2024-01-30T11:21:20","slug":"agb","status":"publish","type":"page","link":"https:\/\/nafzmedia.de\/index.php\/agb\/","title":{"rendered":"AGB"},"content":{"rendered":"\t\t<div data-elementor-type=\"wp-page\" data-elementor-id=\"310\" class=\"elementor elementor-310\">\n\t\t\t\t<div class=\"elementor-element elementor-element-16b08397 e-flex e-con-boxed e-con e-parent\" data-id=\"16b08397\" data-element_type=\"container\" data-settings=\"{&quot;content_width&quot;:&quot;boxed&quot;}\" data-core-v316-plus=\"true\">\n\t\t\t\t\t<div class=\"e-con-inner\">\n\t\t\t\t<div class=\"elementor-element elementor-element-6832916d elementor-widget elementor-widget-text-editor\" data-id=\"6832916d\" data-element_type=\"widget\" data-widget_type=\"text-editor.default\">\n\t\t\t\t<div class=\"elementor-widget-container\">\n\t\t\t<style>\/*! elementor - v3.19.0 - 29-01-2024 *\/\n.elementor-widget-text-editor.elementor-drop-cap-view-stacked .elementor-drop-cap{background-color:#69727d;color:#fff}.elementor-widget-text-editor.elementor-drop-cap-view-framed .elementor-drop-cap{color:#69727d;border:3px solid;background-color:transparent}.elementor-widget-text-editor:not(.elementor-drop-cap-view-default) .elementor-drop-cap{margin-top:8px}.elementor-widget-text-editor:not(.elementor-drop-cap-view-default) .elementor-drop-cap-letter{width:1em;height:1em}.elementor-widget-text-editor .elementor-drop-cap{float:left;text-align:center;line-height:1;font-size:50px}.elementor-widget-text-editor .elementor-drop-cap-letter{display:inline-block}<\/style>\t\t\t\t<p><!-- wp:paragraph --><\/p>\n<p><!-- \/wp:paragraph --><!-- wp:paragraph --><\/p>\n<p><strong>\u00a7 1 Anwendungsbereich<br \/>\u200d<br \/>(1) Alle Leistungen und Angebote von Nafz Media erfolgen ausschlie\u00dflich aufgrund dieser Allgemeinen Gesch\u00e4ftsbedingungen und unserer individuellen Angebote. Diese AGB sind Bestandteil aller Vertr\u00e4ge, die Nafz Media mit seinen Vertragspartnern (nachfolgend auch \u201eKunde\u201c genannt) \u00fcber die von ihm angebotenen Lieferungen oder Leistungen schlie\u00dft. Sie gelten auch f\u00fcr alle zuk\u00fcnftigen Lieferungen, Leistungen oder Angebote an den Auftraggeber, selbst wenn sie nicht nochmals gesondert vereinbart werden.<\/strong><\/p>\n<p>\u00a0<\/p>\n<p>(2) Gesch\u00e4ftsbedingungen des Kunden oder Dritter finden keine Anwendung, auch wenn Nafz Media ihrer Geltung im Einzelfall nicht gesondert widerspricht. Selbst wenn Nafz Media auf ein Schreiben oder eine E-Mail Bezug nimmt, die Gesch\u00e4ftsbedingungen des Kunden oder eines Dritten enthalten oder auf solche verweisen, liegt darin kein Einverst\u00e4ndnis mit der Geltung jener Gesch\u00e4ftsbedingungen.<br \/>\u200d<br \/>(3) Die Dienstleistungen und Angebote von Nafz Media richten sich ausschlie\u00dflich an Unternehmer im Sinne des \u00a7 14 BGB, an Kaufleute (HGB) sowie an Freiberufler.<\/p>\n<p>\u00a0<\/p>\n<p><strong>\u00a7 2 Leistungen<br \/><\/strong>\u200d<br \/><strong>(1) Nafz Media erbringt f\u00fcr Agenturinhaber,\u00a0Coaches &amp; Dienstleister Beratungs- und Agenturdienstleistungen, insbesondere in den Bereichen Youtube, Branding, Mitarbeitergewinnung \/Recruiting, Onlinemarketing, Patienten- und Kundenakquise, Videoproduktion sowie Social Media. Soweit nicht ausdr\u00fccklich schriftlich abweichend vereinbart, schuldet Nafz Media dem Kunden nicht die Erbringung eines Werks \/ konkreten Erfolgs, insbesondere nicht die Vermittlung und tats\u00e4chliche Akquirierung neuer Mitarbeiter, Kunden oder Patienten.\u00a0<br \/>\u200d<br \/>(2) Der Kunde hat die ihm obliegenden Mitwirkungshandlungen stets vollst\u00e4ndig und fristgem\u00e4\u00df auf erstes Anfordern von Nafz Media zu erbringen. Unterl\u00e4sst der Kunde eine Mitwirkungshandlung und verhindert damit die Leistungserbringung durch Nafz Media, bleibt der Verg\u00fctungsanspruch von Nafz Media unber\u00fchrt.\u00a0<\/strong><\/p>\n<p>\u00a0<\/p>\n<p>(3) Der Kunde ist f\u00fcr die Rechtskonformit\u00e4t etwaiger Werbekampagnen (Werbeanzeigen, Internetauftritte, Impressum, Datenschutzerkl\u00e4rungen, etc) ausschlie\u00dflich selbst verantwortlich.\u00a0\u00a0<\/p>\n<p>(4) Wir weisen darauf hin, dass Werbeplattformen wie Google jederzeit dazu berechtigt sind, Werbekampagnen ohne Nennung von Gr\u00fcnden zu stoppen \/ einzustellen. F\u00fcr ein solches Vorgehen ist Nafz Media nicht verantwortlich.\u00a0<\/p>\n<p>(5) In Bezug auf die von Nafz Media zu erbringenden Dienstleistungen gegen\u00fcber dem Kunden steht Nafz Media in Bezug auf die Art und Weise der Erbringung der Dienstleistungen ein Leistungsbestimmungsrecht nach \u00a7 315 BGB zu.<\/p>\n<p>(6) Nafz Media ist berechtigt, dem Kunden geschuldete Leistungen auch von Erf\u00fcllungsgehilfen \/ Subunternehmern und Dritten erbringen zu lassen.<\/p>\n<p>(7) Die vereinbarte Verg\u00fctung von Nafz Media in Bezug auf dessen Beratungsdienstleistungen enthalten vorbehaltlich anderslautender Absprache kein Budget f\u00fcr etwaige Werbekampagnen des Kunden. Dieses ist vom Kunden separat zur Verf\u00fcgung zu stellen und gegebenenfalls unmittelbar an den Plattformbetreiber zu entrichten.<\/p>\n<p>(8) Nafz Media garantiert keine konkrete Anzahl an Kunden- Mitarbeiter- \/ Patientenanfragen, Views und Follower und keine diesbez\u00fcglich bestimmte Qualit\u00e4t im Rahmen der durch die f\u00fcr den Kunden lancierten Werbekampagnen. Eine Vorqualifizierung eingehender Bewerbungen wird vorbehaltlich anderslautender Individualabsprache nicht geschuldet.<\/p>\n<p>(9) Das f\u00fcr eine etwaige Imagefilm-Videoproduktion notwendige Equipment wird von Nafz Media zur Verf\u00fcgung gestellt. Sofern Sonderanschaffungen f\u00fcr eine Produktion erforderlich sein sollten, wird dar\u00fcber im Vorhinein zwischen Nafz Media eine gesonderte Absprache getroffen werden.<\/p>\n<p>(10) Der im Angebot von Nafz Media avisierte Fertigstellungstermin eines oder mehrerer Videos unterliegt dem Vorbehalt der vollst\u00e4ndigen und fristgem\u00e4\u00dfen Mitwirkung des Kunden. Unterbleibt die notwendige Mitwirkung ganz oder teilweise, ist Nafz Media einseitig berechtigt, einen neuen Fertigstellungstermin zu bestimmen.<\/p>\n<p>(11) Notwendige Kosten und Spesen in Bezug auf Dreharbeiten (z.B. f\u00fcr Anreise, Mieten, Darsteller, Genehmigungen, etc) sind nicht Bestandteil der vereinbarten Verg\u00fctung von Nafz Media und vom Kunden gesondert zu tragen, es sei denn sie werden im Hauptvertrag ausdr\u00fccklich ausgewiesen und benannt.\u00a0<\/p>\n<p>\u00a7 4 Zustandekommen von Vertr\u00e4gen<\/p>\n<p>Der Vertragsschluss zwischen Nafz Media und dem Kunden kann fernm\u00fcndlich, schriftlich oder in Textform erfolgen.<br \/>\u200d<br \/>\u00a7 5 Zahlungen, Preise, Bedingungen<\/p>\n<p>(1) Die Preise, die von Nafz Media angegeben und mitgeteilt werden, sind verbindlich. Die mitgeteilten Preise verstehen sich jeweils netto zuz\u00fcglich gesetzlicher Umsatzsteuer, sofern diese erhoben wird.<\/p>\n<p>(2) Die Bezahlung der Leistungen von Nafz Media erfolgt sofort nach Rechnungserteilung. Die Verg\u00fctung der Dienste von Nafz Media ist grunds\u00e4tzlich bei Abschluss des Vertrags f\u00e4llig, es sei denn, das Angebot von Nafz Media ist anders lautend. Eine Nafz Media erteilte (SEPA-) Einzugserm\u00e4chtigung gilt bis auf Widerruf auch f\u00fcr die weitere Gesch\u00e4ftsverbindung.<\/p>\n<p>(3) Sofern mit Nafz Media als Bezahlart Lastschrifteinzug vereinbart wird, hat der Kunde Nafz Media ein SEPA-Lastschriftmandat zu erteilen. Dieses ist bei Nafz Media anzufragen.<\/p>\n<p>(4) Nafz Media stellt dem Kunden eine ordnungsgem\u00e4\u00dfe und die Umsatzsteuer (sofern anfallend) ausweisende Rechnung aus (ggf. durch Erf\u00fcllungsgehilfen).<\/p>\n<p>(5) F\u00fcr den Fall, dass vereinbarte Lastschriften nicht vom Konto des Kunden eingezogen werden k\u00f6nnen und eine R\u00fcckbuchung erfolgt, ist der Kunde verpflichtet, den geschuldeten Betrag binnen drei Werktagen nach R\u00fcckbuchung an Nafz Media zu \u00fcberweisen und die durch die R\u00fcckbuchung veranlassten Kosten zu \u00fcbernehmen.<\/p>\n<p>(6) Die Aufrechnung mit Gegenforderungen ist wechselseitig nur zul\u00e4ssig, wenn der jeweils andere Vertragspartner die Aufrechnung anerkannt hat oder diese rechtskr\u00e4ftig festgestellt ist. Dasselbe gilt f\u00fcr die Aus\u00fcbung eines Zur\u00fcckbehaltungsrechts durch eine Vertragspartei.<\/p>\n<p>\u00a7 6 K\u00fcndigung, Laufzeit<\/p>\n<p>(1) Die von den Parteien vereinbarte Vertragslaufzeit gilt als fest vereinbart. Die vorzeitige K\u00fcndigung ist ausgeschlossen.\u00a0<\/p>\n<p>(2) In Bezug auf die Buchung von Onlinemarketingma\u00dfnahmen ( u.a. auch Kunden und Mitarbeitergewinnung ) bei Nafz Media gilt: Wird das Vertragsverh\u00e4ltnis nicht sp\u00e4testens vier Wochen vor Ablauf der vereinbarten Laufzeit gek\u00fcndigt, verl\u00e4ngert es sich zu gleicher Laufzeit und gleichen Bedingungen. Eine einmalig entrichtete Einrichtungs-\/Setupgeb\u00fchr wird im Verl\u00e4ngerungsfall jedoch nicht erneut erhoben.<\/p>\n<p>(3) Eine K\u00fcndigung vor Vertragsbeginn ist ausgeschlossen.\u00a0<\/p>\n<p>(4) Etwaige freie K\u00fcndigungsrechte w\u00e4hrend der Vertragslaufzeit sind ausgeschlossen.<\/p>\n<p>(5) K\u00fcndigungen bed\u00fcrfen zu ihrer Wirksamkeit der Schriftform.<\/p>\n<p>(6) Das Recht zur au\u00dferordentlichen K\u00fcndigung aus wichtigem Grund bleibt stets unber\u00fchrt.<br \/>7. Die<\/p>\n<p>\u00a7 7 Verzug \/ au\u00dferordentliche K\u00fcndigung<\/p>\n<p>(1) Fristen f\u00fcr die Leistungserbringung durch Nafz Media beginnen nicht, bevor der Rechnungsbetrag bei Nafz Media eingegangen ist und vereinbarungsgem\u00e4\u00df die f\u00fcr die Dienstleistungen notwendigen Daten bei Nafz Media vollst\u00e4ndig vorliegen beziehungsweise die notwendigen Mitwirkungshandlungen komplett erbracht sind.<\/p>\n<p>(2) Ist der Kunde mit f\u00e4lligen Zahlungen im Verzug, beh\u00e4lt Nafz Media sich vor, weitere Leistungen bis zum Ausgleich des offenen Betrages nicht auszuf\u00fchren.<\/p>\n<p>(3) Ist der Kunde im Fall der Ratenzahlung mit mindestens zwei f\u00e4lligen Zahlungen gegen\u00fcber Nafz Media in Verzug, ist Nafz Media berechtigt, den Vertrag au\u00dferordentlich zu k\u00fcndigen und die Leistungen einzustellen. Nafz Media wird die gesamte Verg\u00fctung, die bis zum n\u00e4chsten ordentlichen Beendigungstermin f\u00e4llig wird, als Schadensersatz geltend zu machen.<\/p>\n<p>\u00a7 8 Erf\u00fcllung<\/p>\n<p>(1) Nafz Media wird die vereinbarten Dienstleistungen gem\u00e4\u00df Angebot mit der erforderlichen Sorgfalt durchf\u00fchren. Nafz Media ist berechtigt, sich dazu uneingeschr\u00e4nkt der Hilfe Dritter zu bedienen.<\/p>\n<p>(2) Ist Nafz Media gehindert, die vereinbarten Dienstleistungen zu erbringen und stammen die Hinderungsgr\u00fcnde aus der Sph\u00e4re des Kunden, bleibt der Verg\u00fctungsanspruch von Nafz Media unber\u00fchrt.<br \/>\u200d<br \/>\u00a7 9 Verhalten und R\u00fccksichtnahme<\/p>\n<p>Der Kunde hat die \u00fcblichen Verhaltensweisen eines redlichen Vertragspartners gegen\u00fcber Nafz Media zu gew\u00e4hrleisten. Nafz Media beh\u00e4lt sich vor, jede rechtswidrige und\/oder unsachgem\u00e4\u00dfe beziehungsweise sachgrundlose \u00c4u\u00dferung \u00fcber unser Unternehmen und unsere Dienstleistungen, sei es durch Kunden, Mitbewerber oder anderweitige Dritte, insbesondere unwahre Tatsachenbehauptungen und Schm\u00e4hkritiken, zivilrechtlich zu verfolgen und dar\u00fcber hinaus ohne Vorank\u00fcndigung zur Strafanzeige zu bringen.\u00a0\u00a0<br \/>\u200d<br \/>\u00a7 10 Nutzungsrechte<\/p>\n<p>(1) In Bezug auf die Buchung von Onlinemarketingma\u00dfnahmen \/ Recruiting gilt: Der Kunde erh\u00e4lt ein einfaches und nicht \u00fcbertragbares Nutzungsrecht an den von Nafz Media erstellten Inhalten f\u00fcr die Dauer der Vertragslaufzeit.<\/p>\n<p>(2) In Bezug auf die isolierte Buchung \u00fcber die Erstellung eines Image\/Werbevideos gilt: Der Kunde erh\u00e4lt ein einfaches, dauerhaftes, zeitlich und r\u00e4umlich nicht begrenztes Nutzungsrecht (\u00f6ffentliche Zug\u00e4nglichmachung, Vervielf\u00e4ltigung). Sofern nicht ausdr\u00fccklich vereinbart, hat der Kunde keinen Anspruch auf \u00dcbertragung des Bearbeitungsrechtes. Die \u00dcberlassung von Videorohmaterial wird von Nafz Media nicht geschuldet.<\/p>\n<p>(3) Eine etwaige \u00dcbertragung von Nutzungsrechten erfolgt ausschlie\u00dflich unter dem Vorbehalt, dass der Kunde die Nafz Media nach dem Hauptvertrag zustehende Verg\u00fctung vollst\u00e4ndig entrichtet hat.<\/p>\n<p>(4) Die Weitergabe der Arbeits- und Leistungsergebnisse an Dritte (auch verbundene Unternehmen) wird ausgeschlossen. Gleiches gilt f\u00fcr eine Bearbeitung nach \u00a7 23 UrhG.<br \/>\u200d<br \/>\u00a7 11 Haftung<\/p>\n<p>(1) Nafz Media haftet auf Schadensersatz \u2013 gleich aus welchem Rechtsgrund &#8211; nur f\u00fcr Vorsatz und grobe Fahrl\u00e4ssigkeit. Bei einfacher Fahrl\u00e4ssigkeit haftet Nafz Media nur<br \/>a) f\u00fcr Sch\u00e4den aus der Verletzung des Lebens, des K\u00f6rpers oder der Gesundheit,<br \/>b) f\u00fcr Sch\u00e4den aus der Verletzung einer wesentlichen Vertragspflicht (Verpflichtung, deren Erf\u00fcllung die ordnungsgem\u00e4\u00dfe Durchf\u00fchrung des Vertrags \u00fcberhaupt erst erm\u00f6glicht und auf deren Einhaltung der Vertragspartner regelm\u00e4\u00dfig vertraut und vertrauen darf); in diesem Fall ist die Haftung jedoch auf den Ersatz des vorhersehbaren, typischerweise eintretenden Schadens begrenzt.<\/p>\n<p>(2) In den Grenzen nach Absatz 1 haftet Nafz Media nicht f\u00fcr Daten- und Programmverluste. Die Haftung f\u00fcr Datenverlust wird der H\u00f6he nach auf den typischen Wiederherstellungsaufwand beschr\u00e4nkt, der bei regelm\u00e4\u00dfiger und gefahrentsprechender Anfertigung von Sicherungskopien eingetreten w\u00e4re. Die Haftung nach dem Produkthaftungsgesetz bleibt ebenso stets unber\u00fchrt wie die f\u00fcr die \u00dcbernahme einer Garantie.<\/p>\n<p>(3) Der Kunde gew\u00e4hrleistet, dass Nafz Media \u00fcberlassene Arbeitsmaterialien (z.B. Fotos) frei von Rechten Dritter sind oder die f\u00fcr die Zwecke des Hauptvertrags erforderlichen Genehmigungen vorliegen. Der Kunde stellt Nafz Media insoweit von jeglicher Inanspruchnahme Dritter frei.<\/p>\n<p>\u00a7 12 Widerrufsrecht<br \/>Unternehmern und Kaufleuten steht von Gesetzes wegen bei fernm\u00fcndlich geschlossenen Vertr\u00e4gen kein Widerrufsrecht zu. Nafz Media gew\u00e4hrt ein solches auch nicht auf vertraglicher Grundlage.<br \/>\u200d<br \/>\u00a7 13 Schlussbestimmungen<\/p>\n<p>(1) Abweichungen von diesen AGB sind nur wirksam, wenn Nafz Media und der Kunde eine entsprechende individualvertragliche Abrede getroffen haben. Solche haben in jedem Fall Vorrang vor diesen AGB. F\u00fcr den Inhalt derartiger Vereinbarungen ist die Best\u00e4tigung von Nafz Media GmbH ma\u00dfgebend.<\/p>\n<p>(2) Es gilt ausschlie\u00dflich das Recht der Bundesrepublik Deutschland. Erf\u00fcllungsort ist der Sitz von Nafz Media.<\/p>\n<p>(3) Sollten eine oder mehrere Bestimmungen dieser Allgemeinen Gesch\u00e4ftsbedingungen aus tats\u00e4chlichen oder rechtlichen Gr\u00fcnden unwirksam oder undurchf\u00fchrbar sein oder werden, so wird die Wirksamkeit der \u00fcbrigen Vertragsbestimmungen hierdurch nicht ber\u00fchrt. Nafz Media und der Kunde sind verpflichtet, die unwirksame oder undurchf\u00fchrbare Bestimmung durch eine wirksame Bestimmung zu ersetzen, die dem wirtschaftlich Gewollten am n\u00e4chsten kommt.<\/p>\n<p>\u00a0<\/p>\n<p><strong>AGB Stand: 05.01.2024 \u00a9<\/strong><\/p>\n<p><!-- \/wp:paragraph --><\/p>\t\t\t\t\t\t<\/div>\n\t\t\t\t<\/div>\n\t\t\t\t\t<\/div>\n\t\t\t\t<\/div>\n\t\t\t\t<\/div>\n\t\t","protected":false},"excerpt":{"rendered":"<p>\u00a7 1 Anwendungsbereich\u200d(1) Alle Leistungen und Angebote von Nafz Media erfolgen ausschlie\u00dflich aufgrund dieser Allgemeinen Gesch\u00e4ftsbedingungen und unserer individuellen Angebote. Diese AGB sind Bestandteil aller Vertr\u00e4ge, die Nafz Media mit seinen Vertragspartnern (nachfolgend auch \u201eKunde\u201c genannt) \u00fcber die von ihm angebotenen Lieferungen oder Leistungen schlie\u00dft. Sie gelten auch f\u00fcr alle zuk\u00fcnftigen Lieferungen, Leistungen oder Angebote [&hellip;]<\/p>\n","protected":false},"author":1,"featured_media":0,"parent":0,"menu_order":0,"comment_status":"closed","ping_status":"closed","template":"","meta":{"footnotes":""},"_links":{"self":[{"href":"https:\/\/nafzmedia.de\/index.php\/wp-json\/wp\/v2\/pages\/310"}],"collection":[{"href":"https:\/\/nafzmedia.de\/index.php\/wp-json\/wp\/v2\/pages"}],"about":[{"href":"https:\/\/nafzmedia.de\/index.php\/wp-json\/wp\/v2\/types\/page"}],"author":[{"embeddable":true,"href":"https:\/\/nafzmedia.de\/index.php\/wp-json\/wp\/v2\/users\/1"}],"replies":[{"embeddable":true,"href":"https:\/\/nafzmedia.de\/index.php\/wp-json\/wp\/v2\/comments?post=310"}],"version-history":[{"count":7,"href":"https:\/\/nafzmedia.de\/index.php\/wp-json\/wp\/v2\/pages\/310\/revisions"}],"predecessor-version":[{"id":321,"href":"https:\/\/nafzmedia.de\/index.php\/wp-json\/wp\/v2\/pages\/310\/revisions\/321"}],"wp:attachment":[{"href":"https:\/\/nafzmedia.de\/index.php\/wp-json\/wp\/v2\/media?parent=310"}],"curies":[{"name":"wp","href":"https:\/\/api.w.org\/{rel}","templated":true}]}}